{"id":3983,"date":"2024-06-24T12:01:45","date_gmt":"2024-06-24T10:01:45","guid":{"rendered":"https:\/\/www.bevanar-dorga.ch\/kontakt\/"},"modified":"2024-10-04T12:05:35","modified_gmt":"2024-10-04T10:05:35","slug":"kontakt","status":"publish","type":"page","link":"https:\/\/www.bevanar-dorga.ch\/de\/kontakt\/","title":{"rendered":"Kontakt"},"content":{"rendered":"\n<style type=\"text\/css\" data-created_by=\"avia_inline_auto\" id=\"style-css-av-lzieh9ok-e1888ea1887834985c29c038775d2e60\">\n.avia-section.av-lzieh9ok-e1888ea1887834985c29c038775d2e60 .av-parallax .av-parallax-inner{\nbackground-repeat:no-repeat;\nbackground-image:url(https:\/\/www.bevanar-dorga.ch\/wp\/wp-content\/uploads\/2024\/09\/iStock-1787402274.jpg);\nbackground-position:50% 50%;\nbackground-attachment:scroll;\n}\n<\/style>\n<div id='av_section_1'  class='avia-section av-lzieh9ok-e1888ea1887834985c29c038775d2e60 main_color avia-section-default avia-no-border-styling  avia-builder-el-0  el_before_av_section  avia-builder-el-first  avia-full-stretch av-parallax-section avia-bg-style-parallax av-minimum-height av-minimum-height-custom av-height-custom  container_wrap fullsize'  data-section-bg-repeat='stretch' data-av_minimum_height_px='460'><div class='av-parallax' data-avia-parallax-ratio='0.3' ><div class='av-parallax-inner main_color avia-full-stretch'><\/div><\/div><div class='container av-section-cont-open' style='height:460px'><main  role=\"main\" itemprop=\"mainContentOfPage\"  class='template-page content  av-content-full alpha units'><div class='post-entry post-entry-type-page post-entry-3983'><div class='entry-content-wrapper clearfix'>\n<\/div><\/div><\/main><!-- close content main element --><\/div><\/div><div id='av_section_2'  class='avia-section av-1aopb-9df809d94791a6f9349ae6b48fa173ef main_color avia-section-default avia-no-border-styling  avia-builder-el-1  el_after_av_section  avia-builder-el-last  avia-bg-style-scroll container_wrap fullsize'  ><div class='container av-section-cont-open' ><div class='template-page content  av-content-full alpha units'><div class='post-entry post-entry-type-page post-entry-3983'><div class='entry-content-wrapper clearfix'>\n<div  class='flex_column av-xu7b-55f4eff1c5d024387029417d015a2f54 av_one_full  avia-builder-el-2  el_before_av_two_third  avia-builder-el-first  first flex_column_div  '     ><style type=\"text\/css\" data-created_by=\"avia_inline_auto\" id=\"style-css-av-lzieisnd-f11b601e53937605cf0ba3385ca26f1a\">\n#top .av-special-heading.av-lzieisnd-f11b601e53937605cf0ba3385ca26f1a{\npadding-bottom:10px;\n}\nbody .av-special-heading.av-lzieisnd-f11b601e53937605cf0ba3385ca26f1a .av-special-heading-tag .heading-char{\nfont-size:25px;\n}\n.av-special-heading.av-lzieisnd-f11b601e53937605cf0ba3385ca26f1a .av-subheading{\nfont-size:15px;\n}\n<\/style>\n<div data-aos=\"zoom-in\"  class='av-special-heading av-lzieisnd-f11b601e53937605cf0ba3385ca26f1a av-special-heading-h1 blockquote modern-quote modern-centered  avia-builder-el-3  avia-builder-el-no-sibling  trs-animate animate__zoom-in trs-special-underline'><h1 class='av-special-heading-tag '  itemprop=\"headline\"  >Kontakt<\/h1><div class=\"special-heading-border\"><div class=\"special-heading-inner-border\"><\/div><\/div><\/div><\/div><div  class='flex_column av-1dpqb-aa902a67024eb94281e6cd8a28fea570 av_two_third  avia-builder-el-4  el_after_av_one_full  el_before_av_one_third  first flex_column_div  column-top-margin'     ><p>\n<style type=\"text\/css\" data-created_by=\"avia_inline_auto\" id=\"style-css-av-lzifav62-a3ce319fe9cb839340a950d788a82356\">\n#top .av-special-heading.av-lzifav62-a3ce319fe9cb839340a950d788a82356{\npadding-bottom:10px;\n}\nbody .av-special-heading.av-lzifav62-a3ce319fe9cb839340a950d788a82356 .av-special-heading-tag .heading-char{\nfont-size:25px;\n}\n.av-special-heading.av-lzifav62-a3ce319fe9cb839340a950d788a82356 .av-subheading{\nfont-size:15px;\n}\n<\/style>\n<div data-aos=\"fade-right\"  class='av-special-heading av-lzifav62-a3ce319fe9cb839340a950d788a82356 av-special-heading-h2 blockquote modern-quote  avia-builder-el-5  el_before_av_codeblock  avia-builder-el-first  trs-animate animate__fade-right'><h2 class='av-special-heading-tag '  itemprop=\"headline\"  >Kontaktformular<\/h2><div class=\"special-heading-border\"><div class=\"special-heading-inner-border\"><\/div><\/div><\/div><br \/>\n<\/p><\/div><div  class='flex_column av-106m7-4b942a8112e5086ef538168c70441905 av_one_third  avia-builder-el-7  el_after_av_two_third  avia-builder-el-last  flex_column_div  column-top-margin'     ><p>\n<style type=\"text\/css\" data-created_by=\"avia_inline_auto\" id=\"style-css-av-lzifflmy-00c630abba6af3d3da2dfaae71baa9a9\">\n#top .av-special-heading.av-lzifflmy-00c630abba6af3d3da2dfaae71baa9a9{\npadding-bottom:10px;\n}\nbody .av-special-heading.av-lzifflmy-00c630abba6af3d3da2dfaae71baa9a9 .av-special-heading-tag .heading-char{\nfont-size:25px;\n}\n.av-special-heading.av-lzifflmy-00c630abba6af3d3da2dfaae71baa9a9 .av-subheading{\nfont-size:15px;\n}\n<\/style>\n<div data-aos=\"fade-left\"  class='av-special-heading av-lzifflmy-00c630abba6af3d3da2dfaae71baa9a9 av-special-heading-h2 blockquote modern-quote modern-centered  avia-builder-el-8  el_before_av_iconlist  avia-builder-el-first  trs-animate animate__fade-left'><h2 class='av-special-heading-tag '  itemprop=\"headline\"  >Warum sollten Sie sich f\u00fcr<br \/>Bevanar <span class='special_amp'>&amp;<\/span> Dorga entscheiden?<\/h2><div class=\"special-heading-border\"><div class=\"special-heading-inner-border\"><\/div><\/div><\/div><br \/>\n\n<style type=\"text\/css\" data-created_by=\"avia_inline_auto\" id=\"style-css-av-m1etf8hr-d05ef84099531469a6f134622027c611\">\n#top .avia-icon-list-container.av-m1etf8hr-d05ef84099531469a6f134622027c611 .iconlist_icon{\ncolor:#0073b3;\nbackground-color:#faf9f8;\n}\n<\/style>\n<div data-aos=\"fade-left\"  class='avia-icon-list-container av-m1etf8hr-d05ef84099531469a6f134622027c611  avia-builder-el-9  el_after_av_heading  avia-builder-el-last  trs-animate animate__fade-left'><ul class='avia-icon-list avia_animate_when_almost_visible avia-icon-list-left av-iconlist-big av-m1etf8hr-d05ef84099531469a6f134622027c611 avia-iconlist-animate'>\n<li><div class='iconlist_icon av-m1eteih5-1e9d91dafa19d7b977c7a2421ebafeda avia-font-entypo-fontello'><span class='iconlist-char' aria-hidden='true' data-av_icon='\ue812' data-av_iconfont='entypo-fontello'><\/span><\/div><article class=\"article-icon-entry av-iconlist-empty\"  itemscope=\"itemscope\" itemtype=\"https:\/\/schema.org\/CreativeWork\" ><div class=\"iconlist_content_wrap\"><header class=\"entry-content-header\"><h4 class='av_iconlist_title iconlist_title  '  itemprop=\"headline\" >Ein breites Sortiment, um alle Ihre Bed\u00fcrfnisse abzudecken<\/h4><\/header><div class='iconlist_content '  itemprop=\"text\" ><\/div><\/div><footer class=\"entry-footer\"><\/footer><\/article><div class=\"iconlist-timeline\"><\/div><\/li>\n<li><div class='iconlist_icon av-m1etevd5-6eefb3cecafb0a9443083e48a7301411 avia-font-entypo-fontello'><span class='iconlist-char' aria-hidden='true' data-av_icon='\ue812' data-av_iconfont='entypo-fontello'><\/span><\/div><article class=\"article-icon-entry av-iconlist-empty\"  itemscope=\"itemscope\" itemtype=\"https:\/\/schema.org\/CreativeWork\" ><div class=\"iconlist_content_wrap\"><header class=\"entry-content-header\"><h4 class='av_iconlist_title iconlist_title  '  itemprop=\"headline\" >Eine Auswahl an renommierten und exklusiven Marken<\/h4><\/header><div class='iconlist_content '  itemprop=\"text\" ><\/div><\/div><footer class=\"entry-footer\"><\/footer><\/article><div class=\"iconlist-timeline\"><\/div><\/li>\n<li><div class='iconlist_icon av-m1etf7aa-ee4e31ad2bdaf7227f97293ff6362b6f avia-font-entypo-fontello'><span class='iconlist-char' aria-hidden='true' data-av_icon='\ue812' data-av_iconfont='entypo-fontello'><\/span><\/div><article class=\"article-icon-entry av-iconlist-empty\"  itemscope=\"itemscope\" itemtype=\"https:\/\/schema.org\/CreativeWork\" ><div class=\"iconlist_content_wrap\"><header class=\"entry-content-header\"><h4 class='av_iconlist_title iconlist_title  '  itemprop=\"headline\" >Fachkundige Verk\u00e4ufer, um Sie besser bedienen zu k\u00f6nnen<\/h4><\/header><div class='iconlist_content '  itemprop=\"text\" ><\/div><\/div><footer class=\"entry-footer\"><\/footer><\/article><div class=\"iconlist-timeline\"><\/div><\/li>\n<li><div class='iconlist_icon av-m1etf7aa-3-d8431511555352f3b560acc29e28f3e3 avia-font-entypo-fontello'><span class='iconlist-char' aria-hidden='true' data-av_icon='\ue812' data-av_iconfont='entypo-fontello'><\/span><\/div><article class=\"article-icon-entry av-iconlist-empty\"  itemscope=\"itemscope\" itemtype=\"https:\/\/schema.org\/CreativeWork\" ><div class=\"iconlist_content_wrap\"><header class=\"entry-content-header\"><h4 class='av_iconlist_title iconlist_title  '  itemprop=\"headline\" >Mindestbestellwert von CHF 200.- in der gesamten Schweiz<\/h4><\/header><div class='iconlist_content '  itemprop=\"text\" ><\/div><\/div><footer class=\"entry-footer\"><\/footer><\/article><div class=\"iconlist-timeline\"><\/div><\/li>\n<li><div class='iconlist_icon av-m1etf7aa-2-0b3aa1fb2bfeebe3951c512358a1b20c avia-font-entypo-fontello'><span class='iconlist-char' aria-hidden='true' data-av_icon='\ue812' data-av_iconfont='entypo-fontello'><\/span><\/div><article class=\"article-icon-entry av-iconlist-empty\"  itemscope=\"itemscope\" itemtype=\"https:\/\/schema.org\/CreativeWork\" ><div class=\"iconlist_content_wrap\"><header class=\"entry-content-header\"><h4 class='av_iconlist_title iconlist_title  '  itemprop=\"headline\" >Keine Lieferkosten (Region Genf, Lausanne und Riviera)<\/h4><\/header><div class='iconlist_content '  itemprop=\"text\" ><\/div><\/div><footer class=\"entry-footer\"><\/footer><\/article><div class=\"iconlist-timeline\"><\/div><\/li>\n<li><div class='iconlist_icon av-m1etf7aa-1-c81e561e8b20d3b21d9a0b4a48d70019 avia-font-entypo-fontello'><span class='iconlist-char' aria-hidden='true' data-av_icon='\ue812' data-av_iconfont='entypo-fontello'><\/span><\/div><article class=\"article-icon-entry av-iconlist-empty\"  itemscope=\"itemscope\" itemtype=\"https:\/\/schema.org\/CreativeWork\" ><div class=\"iconlist_content_wrap\"><header class=\"entry-content-header\"><h4 class='av_iconlist_title iconlist_title  '  itemprop=\"headline\" >Annahmeschluss f\u00fcr Bestellungen f\u00fcr die Lieferung am n\u00e4chsten Tag: 18.30 Uhr (Kanton Genf)<\/h4><\/header><div class='iconlist_content '  itemprop=\"text\" ><\/div><\/div><footer class=\"entry-footer\"><\/footer><\/article><div class=\"iconlist-timeline\"><\/div><\/li>\n<\/ul><\/div><\/p><\/div>\n\n","protected":false},"excerpt":{"rendered":"","protected":false},"author":1,"featured_media":3659,"parent":0,"menu_order":0,"comment_status":"closed","ping_status":"closed","template":"","meta":{"_acf_changed":false,"footnotes":""},"class_list":["post-3983","page","type-page","status-publish","has-post-thumbnail","hentry"],"acf":[],"yoast_head":"<!-- This site is optimized with the Yoast SEO plugin v23.5 - https:\/\/yoast.com\/wordpress\/plugins\/seo\/ -->\n<title>Kontakt - Bevanar&amp;Dorga SA<\/title>\n<meta name=\"description\" content=\"Kontaktieren Sie Bevanar&amp;Dorga SA, um mehr \u00fcber unsere L\u00f6sungen f\u00fcr den Vertrieb von Lebensmitteln und Getr\u00e4nken f\u00fcr Gewerbetreibende in der Schweiz zu erfahren.\" \/>\n<meta name=\"robots\" content=\"index, follow, max-snippet:-1, max-image-preview:large, max-video-preview:-1\" \/>\n<link rel=\"canonical\" href=\"https:\/\/www.bevanar-dorga.ch\/de\/kontakt\/\" \/>\n<meta property=\"og:locale\" content=\"de_DE\" \/>\n<meta property=\"og:type\" content=\"article\" \/>\n<meta property=\"og:title\" content=\"Kontakt - Bevanar&amp;Dorga SA\" \/>\n<meta property=\"og:description\" content=\"Kontaktieren Sie Bevanar&amp;Dorga SA, um mehr \u00fcber unsere L\u00f6sungen f\u00fcr den Vertrieb von Lebensmitteln und Getr\u00e4nken f\u00fcr Gewerbetreibende in der Schweiz zu erfahren.\" \/>\n<meta property=\"og:url\" content=\"https:\/\/www.bevanar-dorga.ch\/de\/kontakt\/\" \/>\n<meta property=\"og:site_name\" content=\"Bevanar&amp;Dorga SA\" \/>\n<meta property=\"article:modified_time\" content=\"2024-10-04T10:05:35+00:00\" \/>\n<meta property=\"og:image\" content=\"https:\/\/www.bevanar-dorga.ch\/wp\/wp-content\/uploads\/2024\/09\/iStock-1787402274.jpg\" \/>\n\t<meta property=\"og:image:width\" content=\"1920\" \/>\n\t<meta property=\"og:image:height\" content=\"743\" \/>\n\t<meta property=\"og:image:type\" content=\"image\/jpeg\" \/>\n<meta name=\"twitter:card\" content=\"summary_large_image\" \/>\n<meta name=\"twitter:label1\" content=\"Est. reading time\" \/>\n\t<meta name=\"twitter:data1\" content=\"16 minutes\" \/>\n<script type=\"application\/ld+json\" class=\"yoast-schema-graph\">{\"@context\":\"https:\/\/schema.org\",\"@graph\":[{\"@type\":\"WebPage\",\"@id\":\"https:\/\/www.bevanar-dorga.ch\/de\/kontakt\/\",\"url\":\"https:\/\/www.bevanar-dorga.ch\/de\/kontakt\/\",\"name\":\"Kontakt - Bevanar&amp;Dorga SA\",\"isPartOf\":{\"@id\":\"https:\/\/www.bevanar-dorga.ch\/de\/#website\"},\"primaryImageOfPage\":{\"@id\":\"https:\/\/www.bevanar-dorga.ch\/de\/kontakt\/#primaryimage\"},\"image\":{\"@id\":\"https:\/\/www.bevanar-dorga.ch\/de\/kontakt\/#primaryimage\"},\"thumbnailUrl\":\"https:\/\/www.bevanar-dorga.ch\/wp\/wp-content\/uploads\/2024\/09\/iStock-1787402274.jpg\",\"datePublished\":\"2024-06-24T10:01:45+00:00\",\"dateModified\":\"2024-10-04T10:05:35+00:00\",\"description\":\"Kontaktieren Sie Bevanar&Dorga SA, um mehr \u00fcber unsere L\u00f6sungen f\u00fcr den Vertrieb von Lebensmitteln und Getr\u00e4nken f\u00fcr Gewerbetreibende in der Schweiz zu erfahren.\",\"breadcrumb\":{\"@id\":\"https:\/\/www.bevanar-dorga.ch\/de\/kontakt\/#breadcrumb\"},\"inLanguage\":\"de-DE\",\"potentialAction\":[{\"@type\":\"ReadAction\",\"target\":[\"https:\/\/www.bevanar-dorga.ch\/de\/kontakt\/\"]}]},{\"@type\":\"ImageObject\",\"inLanguage\":\"de-DE\",\"@id\":\"https:\/\/www.bevanar-dorga.ch\/de\/kontakt\/#primaryimage\",\"url\":\"https:\/\/www.bevanar-dorga.ch\/wp\/wp-content\/uploads\/2024\/09\/iStock-1787402274.jpg\",\"contentUrl\":\"https:\/\/www.bevanar-dorga.ch\/wp\/wp-content\/uploads\/2024\/09\/iStock-1787402274.jpg\",\"width\":1920,\"height\":743,\"caption\":\"Stadt Genf von einer Drohne aus gesehen\"},{\"@type\":\"BreadcrumbList\",\"@id\":\"https:\/\/www.bevanar-dorga.ch\/de\/kontakt\/#breadcrumb\",\"itemListElement\":[{\"@type\":\"ListItem\",\"position\":1,\"name\":\"Accueil\",\"item\":\"https:\/\/www.bevanar-dorga.ch\/de\/accueil\/\"},{\"@type\":\"ListItem\",\"position\":2,\"name\":\"Kontakt\"}]},{\"@type\":\"WebSite\",\"@id\":\"https:\/\/www.bevanar-dorga.ch\/de\/#website\",\"url\":\"https:\/\/www.bevanar-dorga.ch\/de\/\",\"name\":\"Bevanar&amp;Dorga SA\",\"description\":\"Votre partenaire Suisse pour les produits gastronomique\",\"potentialAction\":[{\"@type\":\"SearchAction\",\"target\":{\"@type\":\"EntryPoint\",\"urlTemplate\":\"https:\/\/www.bevanar-dorga.ch\/de\/?s={search_term_string}\"},\"query-input\":{\"@type\":\"PropertyValueSpecification\",\"valueRequired\":true,\"valueName\":\"search_term_string\"}}],\"inLanguage\":\"de-DE\"}]}<\/script>\n<!-- \/ Yoast SEO plugin. -->","yoast_head_json":{"title":"Kontakt - Bevanar&amp;Dorga SA","description":"Kontaktieren Sie Bevanar&Dorga SA, um mehr \u00fcber unsere L\u00f6sungen f\u00fcr den Vertrieb von Lebensmitteln und Getr\u00e4nken f\u00fcr Gewerbetreibende in der Schweiz zu erfahren.","robots":{"index":"index","follow":"follow","max-snippet":"max-snippet:-1","max-image-preview":"max-image-preview:large","max-video-preview":"max-video-preview:-1"},"canonical":"https:\/\/www.bevanar-dorga.ch\/de\/kontakt\/","og_locale":"de_DE","og_type":"article","og_title":"Kontakt - Bevanar&amp;Dorga SA","og_description":"Kontaktieren Sie Bevanar&Dorga SA, um mehr \u00fcber unsere L\u00f6sungen f\u00fcr den Vertrieb von Lebensmitteln und Getr\u00e4nken f\u00fcr Gewerbetreibende in der Schweiz zu erfahren.","og_url":"https:\/\/www.bevanar-dorga.ch\/de\/kontakt\/","og_site_name":"Bevanar&amp;Dorga SA","article_modified_time":"2024-10-04T10:05:35+00:00","og_image":[{"width":1920,"height":743,"url":"https:\/\/www.bevanar-dorga.ch\/wp\/wp-content\/uploads\/2024\/09\/iStock-1787402274.jpg","type":"image\/jpeg"}],"twitter_card":"summary_large_image","twitter_misc":{"Est. reading time":"16 minutes"},"schema":{"@context":"https:\/\/schema.org","@graph":[{"@type":"WebPage","@id":"https:\/\/www.bevanar-dorga.ch\/de\/kontakt\/","url":"https:\/\/www.bevanar-dorga.ch\/de\/kontakt\/","name":"Kontakt - Bevanar&amp;Dorga SA","isPartOf":{"@id":"https:\/\/www.bevanar-dorga.ch\/de\/#website"},"primaryImageOfPage":{"@id":"https:\/\/www.bevanar-dorga.ch\/de\/kontakt\/#primaryimage"},"image":{"@id":"https:\/\/www.bevanar-dorga.ch\/de\/kontakt\/#primaryimage"},"thumbnailUrl":"https:\/\/www.bevanar-dorga.ch\/wp\/wp-content\/uploads\/2024\/09\/iStock-1787402274.jpg","datePublished":"2024-06-24T10:01:45+00:00","dateModified":"2024-10-04T10:05:35+00:00","description":"Kontaktieren Sie Bevanar&Dorga SA, um mehr \u00fcber unsere L\u00f6sungen f\u00fcr den Vertrieb von Lebensmitteln und Getr\u00e4nken f\u00fcr Gewerbetreibende in der Schweiz zu erfahren.","breadcrumb":{"@id":"https:\/\/www.bevanar-dorga.ch\/de\/kontakt\/#breadcrumb"},"inLanguage":"de-DE","potentialAction":[{"@type":"ReadAction","target":["https:\/\/www.bevanar-dorga.ch\/de\/kontakt\/"]}]},{"@type":"ImageObject","inLanguage":"de-DE","@id":"https:\/\/www.bevanar-dorga.ch\/de\/kontakt\/#primaryimage","url":"https:\/\/www.bevanar-dorga.ch\/wp\/wp-content\/uploads\/2024\/09\/iStock-1787402274.jpg","contentUrl":"https:\/\/www.bevanar-dorga.ch\/wp\/wp-content\/uploads\/2024\/09\/iStock-1787402274.jpg","width":1920,"height":743,"caption":"Stadt Genf von einer Drohne aus gesehen"},{"@type":"BreadcrumbList","@id":"https:\/\/www.bevanar-dorga.ch\/de\/kontakt\/#breadcrumb","itemListElement":[{"@type":"ListItem","position":1,"name":"Accueil","item":"https:\/\/www.bevanar-dorga.ch\/de\/accueil\/"},{"@type":"ListItem","position":2,"name":"Kontakt"}]},{"@type":"WebSite","@id":"https:\/\/www.bevanar-dorga.ch\/de\/#website","url":"https:\/\/www.bevanar-dorga.ch\/de\/","name":"Bevanar&amp;Dorga SA","description":"Votre partenaire Suisse pour les produits gastronomique","potentialAction":[{"@type":"SearchAction","target":{"@type":"EntryPoint","urlTemplate":"https:\/\/www.bevanar-dorga.ch\/de\/?s={search_term_string}"},"query-input":{"@type":"PropertyValueSpecification","valueRequired":true,"valueName":"search_term_string"}}],"inLanguage":"de-DE"}]}},"_links":{"self":[{"href":"https:\/\/www.bevanar-dorga.ch\/de\/wp-json\/wp\/v2\/pages\/3983","targetHints":{"allow":["GET"]}}],"collection":[{"href":"https:\/\/www.bevanar-dorga.ch\/de\/wp-json\/wp\/v2\/pages"}],"about":[{"href":"https:\/\/www.bevanar-dorga.ch\/de\/wp-json\/wp\/v2\/types\/page"}],"author":[{"embeddable":true,"href":"https:\/\/www.bevanar-dorga.ch\/de\/wp-json\/wp\/v2\/users\/1"}],"replies":[{"embeddable":true,"href":"https:\/\/www.bevanar-dorga.ch\/de\/wp-json\/wp\/v2\/comments?post=3983"}],"version-history":[{"count":2,"href":"https:\/\/www.bevanar-dorga.ch\/de\/wp-json\/wp\/v2\/pages\/3983\/revisions"}],"predecessor-version":[{"id":3985,"href":"https:\/\/www.bevanar-dorga.ch\/de\/wp-json\/wp\/v2\/pages\/3983\/revisions\/3985"}],"wp:featuredmedia":[{"embeddable":true,"href":"https:\/\/www.bevanar-dorga.ch\/de\/wp-json\/wp\/v2\/media\/3659"}],"wp:attachment":[{"href":"https:\/\/www.bevanar-dorga.ch\/de\/wp-json\/wp\/v2\/media?parent=3983"}],"curies":[{"name":"wp","href":"https:\/\/api.w.org\/{rel}","templated":true}]}}